{"id":9818,"date":"2024-12-29T22:52:27","date_gmt":"2024-12-29T21:52:27","guid":{"rendered":"https:\/\/asanb.noblogs.org\/?page_id=9818"},"modified":"2024-12-29T22:56:14","modified_gmt":"2024-12-29T21:56:14","slug":"9818-2","status":"publish","type":"page","link":"https:\/\/asanb.noblogs.org\/","title":{"rendered":""},"content":{"rendered":"<p><img loading=\"lazy\" decoding=\"async\" class=\"alignnone size-full wp-image-9819\" src=\"https:\/\/asanb.noblogs.org\/files\/2024\/12\/header-anarchists-antifascists-statement-JticWdmaTh53.jpg\" alt=\"\" width=\"1080\" height=\"608\" srcset=\"https:\/\/asanb.noblogs.org\/files\/2024\/12\/header-anarchists-antifascists-statement-JticWdmaTh53.jpg 1080w, https:\/\/asanb.noblogs.org\/files\/2024\/12\/header-anarchists-antifascists-statement-JticWdmaTh53-300x169.jpg 300w, https:\/\/asanb.noblogs.org\/files\/2024\/12\/header-anarchists-antifascists-statement-JticWdmaTh53-1024x576.jpg 1024w, https:\/\/asanb.noblogs.org\/files\/2024\/12\/header-anarchists-antifascists-statement-JticWdmaTh53-150x84.jpg 150w, https:\/\/asanb.noblogs.org\/files\/2024\/12\/header-anarchists-antifascists-statement-JticWdmaTh53-768x432.jpg 768w\" sizes=\"auto, (max-width: 709px) 85vw, (max-width: 909px) 67vw, (max-width: 1362px) 62vw, 840px\" \/><\/p>\n<p>Im Zuge des rasant ansteigenden Rassismus, der Islamfeindlichkeit und der Faschisierung der wei\u00dfen Mehrheitsgesellschaft, sowie der Herrschenden und ausnahmslos aller Parteien, schlie\u00dfen wir uns dem Statement an und teilen dies ohne weiter zu kommentieren.<\/p>\n<p><span style=\"color: #ff0000\"><strong>*** english below ***<\/strong><\/span><\/p>\n<h3 class=\"postTitle\">ANTIFA BEDEUTET EIN FREIES PAL\u00c4STINA &#8211; Eine Erkl\u00e4rung von Anarchisten \/ Antifaschisten in Berlin (November 2024)<\/h3>\n<p><strong>ANTIFA heisst Free Palestine<\/strong><\/p>\n<p><strong>Ein Statement von Anarchist*innen\/Antifaschist*innen aus Berlin<\/strong><\/p>\n<p><strong>November 2024<\/strong><\/p>\n<p>Als Anarchist*innen, Antifaschist*innen und Autonome in Berlin solidarisieren wir uns g\u00e4nzlich mit allen Befreiungsbewegungen, von Pal\u00e4stina bis zum Kongo, von Kurdistan bis Chiapas, von West-Papua bis Turtle Island, von Abya Yala bis zum Sudan, von der Westsahara bis Myanmar, von Haiti bis Kanaky und \u00fcberall auf der Welt. Wir stehen entschieden f\u00fcr echte internationalistische, interkommunale, antirassistische, queer-trans-feministische Solidarit\u00e4t.<\/p>\n<p>Die unerbittliche Unterdr\u00fcckung der Pal\u00e4stinenser*innen (in Pal\u00e4stina und in der Diaspora) und diese j\u00fcngste Phase der anhaltenden Nakba und des Genozids haben das wahre Gesicht und die wahren Werte vieler liberaler Regierungen und ihrer Staatsapparate gezeigt. Auch der deutsche Staat ist durch seine fanatische Unterst\u00fctzung von \u201eIsrael\u201c und all den \u201ewestlichen Werten\u201c, die es repr\u00e4sentiert, voll und ganz mitschuldig am Genozid in Pal\u00e4stina: brutale Besatzung und Ausbeutung, Apartheid und ethnische S\u00e4uberung der indigenen Bev\u00f6lkerung. Antikolonialer Antifaschismus muss ein integraler Bestandteil der Befreiungsk\u00e4mpfe aller Menschen sein. Echter Antifaschismus ist antikolonial.<\/p>\n<p>Zweifellos ist Deutschland ein Experte f\u00fcr Militarismus, Kriege und Genozide: das der Herero und Nama, der J\u00fcdischen Menschen in Europa, der Roma\/Sinti, die Unterst\u00fctzung des Genozids der T\u00fcrkei an den Armenier*innen, \u2026 die Liste ist endlos.<\/p>\n<p>In Deutschland wird die Instrumentalisierung der deutschen Schuld gegen\u00fcber J\u00fcdischen Menschen, der Mythos von Deutschlands angeblicher Einsicht und Verantwortungs\u00fcbernahme, die selbstproklamierte \u201eStaatsr\u00e4son\u201c und die selektive und stark kuratierte \u201eErinnerungskultur\u201c als Rechtfertigung f\u00fcr die aktive Unterst\u00fctzung von Genozid angef\u00fchrt.<\/p>\n<p>Die gew\u00e4hlten Vertreter*innen des deutschen Staates liegen Israel zu F\u00fc\u00dfen und bieten diplomatische Deckung f\u00fcr zionistische Verbrechen, w\u00e4hrend die meisten Medien die israelische Staatspropaganda \u00fcbernehmen und verst\u00e4rken.<\/p>\n<p>Ein gro\u00dfer Teil der mehrheitlich wei\u00dfen Gesellschaft in Deutschland, schweigt erneut, w\u00e4hrend ethnische S\u00e4uberungen stattfinden, w\u00e4hrend Israel t\u00e4glich unvorstellbare Gr\u00e4ueltaten begeht, unterst\u00fctzt von Deutschland und seinen Waffen- und Technologielieferungen, um alles Leben in Gaza zu t\u00f6ten.<\/p>\n<p>Viele in Deutschland weigern sich, die brutale Gewalt der Siedlungskolonialist*innen in Pal\u00e4stina, die anhaltende m\u00f6rderische Annexion des Westjordanlands(Westbank), die Massenmorde im gro\u00dfen Stil und das Apartheidregime als solche anzuerkennen (oder leugnen sie schlichtweg). \u201eEs ist kompliziert\u201c, behaupten sie. Aber in Zeiten eines nach Schema F verlaufenden und sich t\u00e4glich auf unseren Bildschirmen abspielenden Genozids, ist Schweigen Mitt\u00e4ter*innenschaft. Und wird als solche in Erinnerung bleiben.<\/p>\n<p>In Deutschland wird die Bewegung f\u00fcr ein Freies Pal\u00e4stina von allen Seiten ins Visier genommen: Vom Staat, von Neonazis, von Institutionen, von der deutschen Zivilgesellschaft, von \u201ebesorgten B\u00fcrger*innen\u201c, von Liberalen und von den sogenannten \u201eAnti-Deutschen\u201c.<\/p>\n<p>Unter dem Deckmantel des \u201eKampfes gegen Antisemitismus\u201c werden viele, die ein Ende des Genozids und der Besatzung fordern, kriminalisiert (insbesondere Menschen aus mehrheitlich muslimischen Regionen und Menschen, die als solche wahrgenommen werden, BIPoC, antizionistische J\u00fcdische Menschen), auf rote Listen gesetzt, ausgeladen, verhaftet, ge\u00e4chtet, beleidigt, angegriffen und schikaniert.<\/p>\n<p>In Deutschland stehen wir auch vor einem ziemlich einzigartigen und sehr deutschen Problem: Ein erheblicher Teil der wei\u00dfen, nichtj\u00fcdischen, selbsternannten \u201eantifaschistischen\u201c Deutschen unterst\u00fctzt bereitwillig das zionistische Projekt. Diese fehlgeleiteten und nervigen Marionetten des Staates, die sogenannten \u201eAnti-Deutschen\u201c, die angeblich der radikalen Linken angeh\u00f6ren, sind willentlich ignorant, wenn es um Zionismus und Israel geht. Ihre stets vorhersehbare und altbekannte Masche ist es, jede Person, die es wagt, sich f\u00fcr Pal\u00e4stina einzusetzen, als \u201eantisemitisch\u201c, islamistisch, Hamas, faschistisch und\/oder Nazi zu attackieren oder zu beschuldigen.<\/p>\n<p>In der \u201eantifaschistischen\u201c Bewegung in Deutschland herrscht eindeutig Verwirrung (um es milde auszudr\u00fccken). Wir m\u00fcssen dem entgegenwirken und uns proaktiver mit der radikalen Linken hier auseinandersetzen, zu der wir geh\u00f6ren.<\/p>\n<p><strong>Es liegt an uns allen, Ver\u00e4nderungen herbeizuf\u00fchren.<\/strong><\/p>\n<p>Wir m\u00fcssen gegen alle Rassismen ank\u00e4mpfen, insbesondere gegen den gef\u00e4hrlichen und immer toxischer werdenden antimuslimischen Rassismus und antij\u00fcdischen Hass in diesem Land.<\/p>\n<p>Wir lehnen die angebliche \u201eStaatsr\u00e4son\u201c Deutschlands ab und weigern uns, nicht nur \u201eIsrael\u201c als legitimen Staat anzuerkennen, sondern auch den deutschen Staat und alle Staaten. Als Anarchist*innen, Antifaschist*innen und Antiautorit\u00e4re glauben wir, dass alle Staaten und alle Grenzen abgeschafft werden m\u00fcssen. Wir lehnen jegliche Art von hierarchischen, autorit\u00e4ren Machtstrukturen und Ideologien oder Konzepten wie Staaten oder politische Parteien ab, die bestimmte Personen oder Organisationen an die Macht bringen und das Leben anderer bestimmen. Daher zielt unser Kampf auf die Zerschlagung des faschistischen, zionistischen, rassistischen und ethnokratischen Regime von \u201eIsrael\u201c und aller anderen Staaten weltweit.<\/p>\n<p><strong>Wir fordern ein sofortiges Ende der Apartheid und der Besetzung Pal\u00e4stinas.<\/strong><\/p>\n<p>Pal\u00e4stinenser*innen sollten in ihr Zuhause\/ihre Heimat zur\u00fcckkehren k\u00f6nnen. Wir setzen uns f\u00fcr die Befreiung Pal\u00e4stinas ein und vertreten die Ansicht, dass alle seine Bewohner*innen dort in Frieden leben und gedeihen sollten, vom Fluss bis zum Meer. Wir k\u00e4mpfen f\u00fcr die Freiheit aller.<\/p>\n<p><strong>NIE WIEDER bedeutet NIE WIEDER F\u00dcR NIEMANDEN.<\/strong><\/p>\n<hr \/>\n<h3 class=\"postTitle\">ANTIFA MEANS FREE PALESTINE \u2013 A statement by anarchists \/ anti-fascists in Berlin (November 2024)<\/h3>\n<p><strong>ANTIFA means Free Palestine<\/strong><\/p>\n<p><strong>A statement by anarchists\/antifascists from Berlin<\/strong><\/p>\n<p><strong>November 2024<\/strong><\/p>\n<p>As anarchists, anti-fascists, and people who are part of autonomous circles in Berlin, we stand in full solidarity with all liberation movements, from Palestine to Congo, from Kurdistan to Chiapas, from West Papua to Turtle Island, from Abya Yala to Sudan, from Western Sahara to Myanmar, from Haiti to Kanaky, and everywhere around the world. We firmly stand for true internationalist, intercommunalist, anti-racist, queer trans feminist solidarity.<\/p>\n<p>The relentless oppression of Palestinians (in Palestine and in the diaspora) and this latest phase of the ongoing Nakba and genocide have shown the true faces and values of many liberal governments and their state apparatuses.<\/p>\n<p>The German state too is fully complicit \u200b\u200b\u200b\u200b\u200b\u200b\u200bin the genocide in Palestine, in its fanatical support of \u201eIsrael\u201c and all the \u201ewestern values\u201c it represents: brutal occupation and exploitation, apartheid, and ethnic cleansing of Indigenous people. Anti-colonial anti-fascism must be an integral part of all peoples\u2018 liberation struggles. True anti-fascism is anti-colonial.<\/p>\n<p>Undoubtedly, Germany is an expert in militarism, wars, and genocides:<br \/>\nthat of the Herero and Nama people, of the Jewish people of Europe, of the Roma\/Sinti people, aiding Turkey\u2019s genocide of the Armenian people, \u2026. the list goes on and on.<\/p>\n<p>In Germany, the narrative of Germany\u2019s alleged repentance and atonement, the instrumentalization of German guilt towards Jewish people, Germany\u2019s self-proclaimed \u201eStaatsr\u00e4son\u201c (\u201ereason of state\u201c), and its selective and highly curated \u201ememory culture\u201c are put forward as rationales to actively support genocide.<\/p>\n<p>Germany\u2019s elected state representatives are boot-licking Israel, providing diplomatic cover for zionist crimes, while most of its media repeats and amplifies Israeli state propaganda.<\/p>\n<p>A large section of society in Germany, dominated by white Germans, is silent again while ethnic cleansing is taking place, as Israel commits unimaginable atrocities daily, aided by Germany and its deliveries of weapons and technology to kill all life in Gaza. Many in Germany refuse to recognize (or flat-out deny) the brutal settler-colonial violence in Palestine, the continuously murderous annexation of the West Bank, the large-scale mass murdering, and the apartheid regime. \u201eIt\u2019s complicated,\u201c they claim. But in times of a text-book genocide delivered daily to our screens, silence is complicity \u2013 and it will be remembered as such.<\/p>\n<p>The Free Palestine movement in Germany is being targeted from all sides: By the state, by neo-nazis, by institutions, by German civil society, by \u201econcerned citizens\u201c, by liberals, and by the so-called \u201eAnti-Deutsche\u201c (\u201eanti-Germany Germans\u201c).<\/p>\n<p>Under the guise of \u201efighting antisemitism\u201c, many who call for an end to the genocide and occupation are criminalized (especially folks from Muslim-majority regions and people read as such, BIPoC, anti-zionist Jewish people), placed on red lists, cancelled, arrested, banned, insulted, attacked, and harassed.<\/p>\n<p>In Germany, we also face a rather unique and very German problem: A significant proportion of white non-Jewish self-proclaimed \u201eantifascist\u201c Germans eagerly support the zionist project. These misguided and annoying pawns of the state, the so-called \u201eAnti-Deutsche\u201c, who are allegedly on the radical left, are intentionally ignorant when it comes to zionism and Israel. Their always predictable signature move is to attack anyone who dares to speak out for Palestine as \u201eantisemitic\u201c, Islamist, Hamas, fascist and\/or Nazi.<\/p>\n<p>Clearly, there is \u2013 to put it mildly \u2013 confusion in the \u201eanti-fascist\u201c movement in Germany. We must challenge it, and must more pro-actively self-reflect on the radical left here, which we are part of.<\/p>\n<p><strong>It is up to all of us to effect change.<\/strong><\/p>\n<p>We need to fight all racisms, especially the dangerous and ever more toxic anti-Muslim racism and anti-Jewish hate in this country.<\/p>\n<p>We reject Germany\u2019s alleged \u201ereason of state\u201c (\u201eStaatsr\u00e4son\u201c), and we refuse to recognize not only \u201eIsrael\u201c as a legitimate state but also the German state and all states. As anarchists, anti-fascists, and anti-authoritarians, we believe that all states and all borders must be abolished. We oppose any kind of hierarchical, authoritarian power structures and ideologies or concepts such as states or political parties that put certain people or entities in power and determine the lives of others. Hence, our fight aims at the disintegration of the fascist, zionist, racist, ethnocratic regimes of \u201eIsrael\u201c and of all other states worldwide.<\/p>\n<p><strong>We call for an immediate end to the apartheid in and occupation of Palestine. <\/strong><\/p>\n<p>Palestinians should be able to return to their homeland. We advocate for the liberation of Palestine and maintain that all its people should live and thrive there in peace, from the river to the sea. We fight for freedom for all.<\/p>\n<p><strong>NEVER AGAIN means NEVER AGAIN FOR ANYONE.<\/strong><\/p>\n<p><em>Quelle Kontrapolis: <a href=\"https:\/\/kontrapolis.info\/14474\/\" target=\"_blank\" rel=\"noopener\">https:\/\/kontrapolis.info\/14474\/<\/a><\/em><\/p>\n","protected":false},"excerpt":{"rendered":"<p>Im Zuge des rasant ansteigenden Rassismus, der Islamfeindlichkeit und der Faschisierung der wei\u00dfen Mehrheitsgesellschaft, sowie der Herrschenden und ausnahmslos aller Parteien, schlie\u00dfen wir uns dem Statement an und teilen dies ohne weiter zu kommentieren. *** english below *** ANTIFA BEDEUTET EIN FREIES PAL\u00c4STINA &#8211; Eine Erkl\u00e4rung von Anarchisten \/ Antifaschisten in Berlin (November 2024) ANTIFA &hellip; <a href=\"https:\/\/asanb.noblogs.org\/\" class=\"more-link\"><span class=\"screen-reader-text\">\u201e\u201c <\/span>weiterlesen<\/a><\/p>\n","protected":false},"author":13687,"featured_media":0,"parent":0,"menu_order":0,"comment_status":"closed","ping_status":"closed","template":"","meta":{"footnotes":""},"class_list":["post-9818","page","type-page","status-publish","hentry"],"_links":{"self":[{"href":"https:\/\/asanb.noblogs.org\/index.php?rest_route=\/wp\/v2\/pages\/9818","targetHints":{"allow":["GET"]}}],"collection":[{"href":"https:\/\/asanb.noblogs.org\/index.php?rest_route=\/wp\/v2\/pages"}],"about":[{"href":"https:\/\/asanb.noblogs.org\/index.php?rest_route=\/wp\/v2\/types\/page"}],"author":[{"embeddable":true,"href":"https:\/\/asanb.noblogs.org\/index.php?rest_route=\/wp\/v2\/users\/13687"}],"replies":[{"embeddable":true,"href":"https:\/\/asanb.noblogs.org\/index.php?rest_route=%2Fwp%2Fv2%2Fcomments&post=9818"}],"version-history":[{"count":3,"href":"https:\/\/asanb.noblogs.org\/index.php?rest_route=\/wp\/v2\/pages\/9818\/revisions"}],"predecessor-version":[{"id":9822,"href":"https:\/\/asanb.noblogs.org\/index.php?rest_route=\/wp\/v2\/pages\/9818\/revisions\/9822"}],"wp:attachment":[{"href":"https:\/\/asanb.noblogs.org\/index.php?rest_route=%2Fwp%2Fv2%2Fmedia&parent=9818"}],"curies":[{"name":"wp","href":"https:\/\/api.w.org\/{rel}","templated":true}]}}