{"id":463,"date":"2020-03-29T16:38:09","date_gmt":"2020-03-29T16:38:09","guid":{"rendered":"http:\/\/asanberlin.blackblogs.org\/?page_id=463"},"modified":"2023-01-01T14:39:17","modified_gmt":"2023-01-01T13:39:17","slug":"antirepression","status":"publish","type":"page","link":"https:\/\/asanb.noblogs.org\/?page_id=463","title":{"rendered":"Self Protection"},"content":{"rendered":"<h3 style=\"text-align: center\">Alle Gewalt geht vom Staat aus!<\/h3>\n<p><img loading=\"lazy\" decoding=\"async\" class=\"size-medium wp-image-1331 alignleft\" src=\"https:\/\/asanberlin.blackblogs.org\/wp-content\/uploads\/sites\/864\/2020\/12\/antirep-300x251.jpg\" alt=\"\" width=\"300\" height=\"251\" srcset=\"https:\/\/asanb.noblogs.org\/files\/2020\/12\/antirep-300x251.jpg 300w, https:\/\/asanb.noblogs.org\/files\/2020\/12\/antirep-768x644.jpg 768w, https:\/\/asanb.noblogs.org\/files\/2020\/12\/antirep.jpg 1024w\" sizes=\"auto, (max-width: 300px) 85vw, 300px\" \/><\/p>\n<p>Repressionen &#8211; wer kennt sie nicht oder hat wenigstens nicht schon davon geh\u00f6rt?<\/p>\n<p>Taschenkontrollen auf dem Weg zu oder auf Demos als Einsch\u00fcchterung bei der Wahrnehmung seiner Demonstrationsrechte, Personalienfeststellung ohne Grund, unbegr\u00fcndete Platzverweise, \u00dcberwachung im \u00f6ffentlichen und privaten Raum, Hausdurchsuchungen, Beschlagnahme von Gegenst\u00e4nden, PC und Handy, Abh\u00f6ren von Telefonaten und Kommunikation, Bullen biegen sich ihr eigenen Gesetze zurecht,\u00a0 Polizeigewalt gegen Demonstrant*innen und bei Festnahmen, sexuelle \u00dcbergriffe, bis hin zum Knast durch Urteile der sogenannten &#8222;unabh\u00e4ngigen freiheitlich demokratischen&#8220; Justiz.<\/p>\n<p>Als wenn das nicht schon reicht, so paktieren Bullen frei und ungeniert mit Nazis, greifen unkontrolliert auf Eure Daten zu, f\u00fcttern die Todeslisten der vom Staat gebilligten faschistischen Strukturen mit Euren Namen und Adressen, ja da wird Mensch auch schon mal direkt von den Bullen bedroht oder mit dem Abschlachten der Kinder gedroht.<\/p>\n<p>Einzelf\u00e4lle sagen sie, wer die Medienlandschaft aufmerksam verfolgt, der d\u00fcrfte inzwischen aufgegeben haben die Einzelf\u00e4lle zu z\u00e4hlen, inzwischen genauso Alltag, wie die zahlreichen Repressionen, die Aktivist*innen allt\u00e4glich erfahren m\u00fcssen.<\/p>\n<p>Sich gegen den kapitalistischen Staat, Ausbeutung, soziale Ungerechtigkeit, Umweltzerst\u00f6rung, Patriarchat, Rassismus, Faschismus, Krieg und die Abschaffung der Freiheit und Menschenrechte zu wehren, ist immer notwendig, richtig und wichtig. Wir wollen aber auch nicht verschweigen, dass Widerstand und revolution\u00e4re K\u00e4mpfe auch mit drastischen Repressionen verbunden sind, die Dich, Dein Leben und Dein Umfeld ver\u00e4ndern k\u00f6nnen.<\/p>\n<p>Was also tun, um nicht in Schockstarre vor der &#8222;Allmacht Staat&#8220; zu verharren?<\/p>\n<p>Wir m\u00fcssen Antirepressionsstrukturen st\u00e4rken, weiter ausbauen, uns solidarisch mit Betroffenen zeigen, sprich: dem ein starkes Netzwerk der Solidarit\u00e4t entgegen stellen.<\/p>\n<p><a href=\"https:\/\/www.rote-hilfe.de\/aktiv-werden\/mitglied-werden\" target=\"_blank\" rel=\"noopener\"><img loading=\"lazy\" decoding=\"async\" class=\"alignleft wp-image-769\" src=\"https:\/\/asanberlin.blackblogs.org\/wp-content\/uploads\/sites\/864\/2020\/03\/rotehilfe-e1585484231702.png\" alt=\"\" width=\"100\" height=\"100\" \/><\/a><\/p>\n<p>Wenn Du also aktivistisch unterwegs bist, aktiv oder passiv, sei es auf der Stra\u00dfe oder virtuell, schlie\u00dfe Dich der Rote Hilfe e.V. an!<\/p>\n<p><strong><a href=\"https:\/\/www.rote-hilfe.de\/aktiv-werden\/mitglied-werden\" target=\"_blank\" rel=\"noopener\">Mitglied werden<\/a><\/strong><\/p>\n<p>Vor allem aber m\u00fcssen wir die Repressionen des Staates st\u00e4ndig beobachten, neu bewerten und unser eigenes Verhalten im t\u00e4glichen Leben hinterfragen. Der Staat wird immer versuchen, uns mit Repressionen aller Art zu \u00fcberziehen, die Frage ist an dieser Stelle, wie viel Spielraum wir dem Staat und seinen Repressionsapparat freiwillig einr\u00e4umen.<\/p>\n<p><strong>Self Protection &#8211; hei\u00dft auch Verantwortung f\u00fcr Dich selbst und Deine Freund*innen zu \u00fcbernehmen.<\/strong><\/p>\n<p>Eine gro\u00dfe Aufgabe? Eigentlich nicht. Wir sind schockiert, wie teilweise unbek\u00fcmmert telefoniert, gemailt, Messenger wie WhatsApp oder Telegram zum Austausch sensibler Informationen genutzt, auf Demos wie bl\u00f6d fotografiert, gefilmt, unverpixelt in sozialen Netzwerken ver\u00f6ffentlicht und einfache Verschl\u00fcsselungsm\u00f6glichkeiten von Datentr\u00e4gern mit &#8222;weil zu umst\u00e4ndlich&#8220; abgelehnt wird.<\/p>\n<p>Dieser &#8222;Lebensstil&#8220; kann Dich und Deine Freund*innen in gro\u00dfe Bedr\u00e4ngnis bringen, es kann Dir und Deinen Freund*innen die Freiheit kosten!<\/p>\n<p>Die Freiheit und Unversehrtheit Deiner Privatsph\u00e4re ist ein hohes Gut. Das zu verteidigen ist keine unl\u00f6sbare Aufgabe, einige \u00c4nderungen Deiner Gewohnheiten k\u00f6nnen bereits Dich, Dein Lebensumfeld und die Aktivist*innen mit denen Du gemeinsam k\u00e4mpfst, vor staatlichen Repressionen sch\u00fctzen.<\/p>\n<p>Schon in der Vergangenheit, bereits in den PAGs einzelner Bundesl\u00e4nder und jetzt noch mal durch die Covid-19 Pandemie befeuert, findet unverholen ein Angriff auf die Freiheit im digitalen Raum statt. Grundrechte sollen abgeschafft, Befugnisse gro\u00dfz\u00fcgig erweitert und der Mensch globaler mit Hilfe digitaler Technik \u00fcberwacht werden.<\/p>\n<p>Nicht jeder ist zwingend &#8222;Technikaffin&#8220;, nachfolgende Quellen sollen Euch helfen, sich zu informieren und zu orientieren, Euch bei der Einrichtung und Verwendung sicherer Kommunikation unterst\u00fctzen.<\/p>\n<p><strong>Linke Technik Kollektive:<\/strong><\/p>\n<ul>\n<li>Systemli.org &#8211;\u00a0<a href=\"https:\/\/www.systemli.org\" target=\"_blank\" rel=\"noopener\">https:\/\/www.systemli.org<\/a><\/li>\n<li>Riseup.net &#8211;\u00a0<a href=\"https:\/\/riseup.net\" target=\"_blank\" rel=\"noopener\">https:\/\/riseup.net<\/a><\/li>\n<li>Autistici.org &#8211;\u00a0<a href=\"https:\/\/www.autistici.org\" target=\"_blank\" rel=\"noopener\">https:\/\/www.autistici.org<\/a><\/li>\n<li>immerda.ch &#8211;\u00a0<a href=\"https:\/\/www.immerda.ch\" target=\"_blank\" rel=\"noopener\">https:\/\/www.immerda.ch<\/a><\/li>\n<\/ul>\n<p><strong>Schritt f\u00fcr Schritt Anleitungen:<\/strong><\/p>\n<ul>\n<li>Sichere Verbindung\/IP Verschleierung mit VPN\u00a0(coming soon)<\/li>\n<li>Anonymisierung\u00a0von\u00a0Verbindungsdaten\u00a0mit Tor Netzwerk (coming soon)<\/li>\n<li><a href=\"http:\/\/asanberlin.blackblogs.org\/?page_id=801\">Daten Verschl\u00fcsselung mit VeraCrypt<\/a><\/li>\n<li><a href=\"http:\/\/asanberlin.blackblogs.org\/?page_id=816\">Email Verschl\u00fcsselung mit PGP<\/a><\/li>\n<li><a href=\"http:\/\/asanberlin.blackblogs.org\/?page_id=782\">Jitsi Meet Videokonferenz<\/a><\/li>\n<\/ul>\n<p><strong>Rund um den Aktivismus<\/strong><\/p>\n<ul>\n<li>Die Bezugsgruppe<\/li>\n<li>Aktions- und Blockadetraining<\/li>\n<li>Demonstrationen<\/li>\n<\/ul>\n","protected":false},"excerpt":{"rendered":"<p>Alle Gewalt geht vom Staat aus! Repressionen &#8211; wer kennt sie nicht oder hat wenigstens nicht schon davon geh\u00f6rt? Taschenkontrollen auf dem Weg zu oder auf Demos als Einsch\u00fcchterung bei der Wahrnehmung seiner Demonstrationsrechte, Personalienfeststellung ohne Grund, unbegr\u00fcndete Platzverweise, \u00dcberwachung im \u00f6ffentlichen und privaten Raum, Hausdurchsuchungen, Beschlagnahme von Gegenst\u00e4nden, PC und Handy, Abh\u00f6ren von Telefonaten &hellip; <a href=\"https:\/\/asanb.noblogs.org\/?page_id=463\" class=\"more-link\"><span class=\"screen-reader-text\">\u201eSelf Protection\u201c <\/span>weiterlesen<\/a><\/p>\n","protected":false},"author":13687,"featured_media":0,"parent":0,"menu_order":0,"comment_status":"closed","ping_status":"closed","template":"","meta":{"footnotes":""},"class_list":["post-463","page","type-page","status-publish","hentry"],"_links":{"self":[{"href":"https:\/\/asanb.noblogs.org\/index.php?rest_route=\/wp\/v2\/pages\/463","targetHints":{"allow":["GET"]}}],"collection":[{"href":"https:\/\/asanb.noblogs.org\/index.php?rest_route=\/wp\/v2\/pages"}],"about":[{"href":"https:\/\/asanb.noblogs.org\/index.php?rest_route=\/wp\/v2\/types\/page"}],"author":[{"embeddable":true,"href":"https:\/\/asanb.noblogs.org\/index.php?rest_route=\/wp\/v2\/users\/13687"}],"replies":[{"embeddable":true,"href":"https:\/\/asanb.noblogs.org\/index.php?rest_route=%2Fwp%2Fv2%2Fcomments&post=463"}],"version-history":[{"count":1,"href":"https:\/\/asanb.noblogs.org\/index.php?rest_route=\/wp\/v2\/pages\/463\/revisions"}],"predecessor-version":[{"id":5262,"href":"https:\/\/asanb.noblogs.org\/index.php?rest_route=\/wp\/v2\/pages\/463\/revisions\/5262"}],"wp:attachment":[{"href":"https:\/\/asanb.noblogs.org\/index.php?rest_route=%2Fwp%2Fv2%2Fmedia&parent=463"}],"curies":[{"name":"wp","href":"https:\/\/api.w.org\/{rel}","templated":true}]}}