{"id":31,"date":"2019-03-16T22:50:53","date_gmt":"2019-03-16T21:50:53","guid":{"rendered":"http:\/\/asanb.noblogs.org\/?page_id=31"},"modified":"2023-01-01T00:41:10","modified_gmt":"2022-12-31T23:41:10","slug":"kontakt","status":"publish","type":"page","link":"https:\/\/asanb.noblogs.org\/?page_id=31","title":{"rendered":"Kontakt"},"content":{"rendered":"<p>Wenn Du Kontakt aufnehmen m\u00f6chtest, schreibe bitte eine mit PGP verschl\u00fcsselte E-Mail an:<\/p>\n<p><strong>asan-berlin\u24b6systemli.org<\/strong><\/p>\n<p style=\"text-align: left\">Grunds\u00e4tzlich solltest Du Emails mit PGP verschl\u00fcsselten. Du kannst den nachfolgenden \u00f6ffentlichen PGP Schl\u00fcssel einfach als .zip Datei herunter laden, um ihn dann in Deine Schl\u00fcsselverwaltung Deines Emailprogramms zu importieren.<\/p>\n<p style=\"text-align: left\">Denke daran, dass auch Dein \u00f6ffentlicher Schl\u00fcssel f\u00fcr uns zug\u00e4nglich sein muss, damit wir Deine Nachricht lesen k\u00f6nnen. Am besten h\u00e4ngst Du ihn an Deine Nachricht an uns mit an.<\/p>\n<p>Fingerprint: 1464 4BD6 53B4 CED9 36E0 CC99 D9E0 ED9D 2EAD C6A6<\/p>\n<p><img loading=\"lazy\" decoding=\"async\" class=\"wp-image-5251 alignnone\" src=\"https:\/\/asanb.noblogs.org\/files\/2023\/01\/pgp-icon-9596.png\" alt=\"\" width=\"30\" height=\"30\" srcset=\"https:\/\/asanb.noblogs.org\/files\/2023\/01\/pgp-icon-9596.png 256w, https:\/\/asanb.noblogs.org\/files\/2023\/01\/pgp-icon-9596-150x150.png 150w\" sizes=\"auto, (max-width: 30px) 85vw, 30px\" \/>\u00a0<a href=\"https:\/\/asanb.noblogs.org\/files\/2023\/01\/ASAN-Berlin-asan-berlin@systemli.org_.zip\" target=\"_blank\" rel=\"noopener\"><strong>&lt;&#8211; PGP Key Download (ZIP)<\/strong><\/a><\/p>\n","protected":false},"excerpt":{"rendered":"<p>Wenn Du Kontakt aufnehmen m\u00f6chtest, schreibe bitte eine mit PGP verschl\u00fcsselte E-Mail an: asan-berlin\u24b6systemli.org Grunds\u00e4tzlich solltest Du Emails mit PGP verschl\u00fcsselten. Du kannst den nachfolgenden \u00f6ffentlichen PGP Schl\u00fcssel einfach als .zip Datei herunter laden, um ihn dann in Deine Schl\u00fcsselverwaltung Deines Emailprogramms zu importieren. Denke daran, dass auch Dein \u00f6ffentlicher Schl\u00fcssel f\u00fcr uns zug\u00e4nglich sein &hellip; <a href=\"https:\/\/asanb.noblogs.org\/?page_id=31\" class=\"more-link\"><span class=\"screen-reader-text\">\u201eKontakt\u201c <\/span>weiterlesen<\/a><\/p>\n","protected":false},"author":13687,"featured_media":0,"parent":0,"menu_order":0,"comment_status":"closed","ping_status":"closed","template":"","meta":{"footnotes":""},"class_list":["post-31","page","type-page","status-publish","hentry"],"_links":{"self":[{"href":"https:\/\/asanb.noblogs.org\/index.php?rest_route=\/wp\/v2\/pages\/31","targetHints":{"allow":["GET"]}}],"collection":[{"href":"https:\/\/asanb.noblogs.org\/index.php?rest_route=\/wp\/v2\/pages"}],"about":[{"href":"https:\/\/asanb.noblogs.org\/index.php?rest_route=\/wp\/v2\/types\/page"}],"author":[{"embeddable":true,"href":"https:\/\/asanb.noblogs.org\/index.php?rest_route=\/wp\/v2\/users\/13687"}],"replies":[{"embeddable":true,"href":"https:\/\/asanb.noblogs.org\/index.php?rest_route=%2Fwp%2Fv2%2Fcomments&post=31"}],"version-history":[{"count":7,"href":"https:\/\/asanb.noblogs.org\/index.php?rest_route=\/wp\/v2\/pages\/31\/revisions"}],"predecessor-version":[{"id":5255,"href":"https:\/\/asanb.noblogs.org\/index.php?rest_route=\/wp\/v2\/pages\/31\/revisions\/5255"}],"wp:attachment":[{"href":"https:\/\/asanb.noblogs.org\/index.php?rest_route=%2Fwp%2Fv2%2Fmedia&parent=31"}],"curies":[{"name":"wp","href":"https:\/\/api.w.org\/{rel}","templated":true}]}}