{"id":231,"date":"2019-06-30T15:27:07","date_gmt":"2019-06-30T15:27:07","guid":{"rendered":"http:\/\/asanberlin.blackblogs.org\/?page_id=231"},"modified":"2022-11-22T18:51:09","modified_gmt":"2022-11-22T17:51:09","slug":"autonomes-%e2%97%8f-solidarisches-%e2%97%8f-antifaschistisches-%e2%97%8f-netzwerk-%e2%97%8f-berlin","status":"publish","type":"page","link":"https:\/\/asanb.noblogs.org\/?page_id=231","title":{"rendered":""},"content":{"rendered":"<h5 style=\"text-align: center\">Autonomes \u25cf Solidarisches \u25cf Antifaschistisches \u25cf Netzwerk \u25cf Berlin<\/h5>\n<p><img loading=\"lazy\" decoding=\"async\" class=\"wp-image-1572 aligncenter\" src=\"https:\/\/asanberlin.blackblogs.org\/wp-content\/uploads\/sites\/864\/2021\/02\/Logo-Micha.png\" alt=\"\" width=\"298\" height=\"300\" srcset=\"https:\/\/asanb.noblogs.org\/files\/2021\/02\/Logo-Micha.png 1248w, https:\/\/asanb.noblogs.org\/files\/2021\/02\/Logo-Micha-1020x1024.png 1020w, https:\/\/asanb.noblogs.org\/files\/2021\/02\/Logo-Micha-150x150.png 150w, https:\/\/asanb.noblogs.org\/files\/2021\/02\/Logo-Micha-768x771.png 768w, https:\/\/asanb.noblogs.org\/files\/2021\/02\/Logo-Micha-1200x1205.png 1200w\" sizes=\"auto, (max-width: 298px) 85vw, 298px\" \/><\/p>\n<hr \/>\n<p>&nbsp;<\/p>\n<p>Das Projekt entstand aus der einfachen Erkenntnis und der Idee heraus, freie unabh\u00e4ngige Kr\u00e4fte unterschiedlicher politischer Aktivit\u00e4ten und Schwerpunkte bei Notwendigkeit zu einer starken Kraft zu b\u00fcndeln, ohne die einzelnen Themen und Zielsetzungen der Menschen und Gruppen zu beeinflussen, aus den Augen zu verlieren,\u00a0diese in ihrer politische Kernarbeit zu lassen und solidarisch zu unterst\u00fctzen.<\/p>\n<p>Wer kennt nicht das Gef\u00fchl, sich in einer Vielzahl von K\u00e4mpfen zu befinden, seine Kr\u00e4fte \u00fcber die Ma\u00dfen zu strapazieren und am Ende w\u00e4re es sch\u00f6n gewesen, wenn mehr Menschen den Kampf unterst\u00fctzt, mehr Menschen sich solidarisiert h\u00e4tten?<\/p>\n<p>Inzwischen hat sich daraus schon eine kleine <a href=\"https:\/\/asanberlin.blackblogs.org\/?page_id=463\" target=\"_blank\" rel=\"noopener\">AG Technik<\/a> und das Ticker Kollektiv <a href=\"https:\/\/demotickerberlin.blackblogs.org\" target=\"_blank\" rel=\"noopener\">Demo Ticker Berlin<\/a> gegr\u00fcndet.<\/p>\n<p><strong>Alle zusammen gegen den Faschismus!<\/strong><\/p>\n<p>Gerade in einer Zeit, in der Nazis in die Parlamente einziehen, rechte Gewalt nahezu ohne nennenswerte\u00a0Folgen an der Tagesordnung sind, sie ungeniert offen hetzen und morden k\u00f6nnen, die sogenannte &#8222;b\u00fcrgerliche Mitte&#8220; dem ohnm\u00e4chtig gegen\u00fcber steht und das kapitalistische System jeden antifaschistischen Widerstand im Keim zu ersticken sucht, gegen jede Menschlichkeit korrupt und r\u00fccksichtslos die Menschen unterdr\u00fcckt, ausbeutet und mordet, ist eine starke, geschlossene Bewegung aller antifaschistischen Kr\u00e4fte n\u00f6tiger als je zuvor.<\/p>\n<p>Das Nazis morden ist leider eine l\u00e4ngst bekannte Tatsache und nicht neu. Das die sogenannte &#8222;Staatsgewalt&#8220; diese M\u00f6rder*innen sch\u00fctzt, Beweise vernichtet oder per Judikative zur Geheimsache erkl\u00e4rt ebenfalls.<\/p>\n<p>Wir stehen heute vor der Tatsache, dass der Faschismus inzwischen auch scheinbar unbequeme Menschen der herrschenden Klasse t\u00f6tet, von einem &#8222;besorgten Nazi&#8220; wie man uns wei\u00df machen will. Dabei\u00a0 sitzt der Faschismus l\u00e4ngst an den Hebeln dieser angeblichen &#8222;Demokratie&#8220;, voran ein seniler Innenminister Horst Seehofer, der wirres Zeug daher stammelt, nicht mal den Namen des Opfers kennt, sich dar\u00fcber vergn\u00fcgt belustigt an seinem 69. Geburtstag 69 Menschen zum sterben abgeschoben zu haben, sich freudig als Erschaffer eines Heimatministeriums und Gr\u00fcnder von Internierungslagern br\u00fcstet und die Migration zur &#8222;Mutter aller Probleme&#8220; erkl\u00e4rte.<\/p>\n<p>Gefolgt von einem (inzwischen ehemaligen) Leiter des BfV Hans-Georg Maa\u00dfen, dessen grunds\u00e4tzliche Aufgabe darin bestand, rechtsradikale Gewalt zu decken und \u00f6ffentlich zu leugnen, der sich nun in Erika Steinbachs Naziverein &#8222;Werteunion&#8220; mit den Worten &#8222;<span class=\"css-901oao css-16my406 r-1qd0xha r-ad9z0x r-bcqeeo r-qvutc0\">Ich bin vor drei\u00dfig Jahren nicht der CDU beigetreten, damit heute <\/span><span class=\"css-901oao css-16my406 r-1qd0xha r-vw2c0b r-ad9z0x r-bcqeeo r-qvutc0\">1<\/span><span class=\"css-901oao css-16my406 r-1qd0xha r-ad9z0x r-bcqeeo r-qvutc0\">,<\/span><span class=\"css-901oao css-16my406 r-1qd0xha r-vw2c0b r-ad9z0x r-bcqeeo r-qvutc0\">8<\/span> <span class=\"css-901oao css-16my406 r-1qd0xha r-vw2c0b r-ad9z0x r-bcqeeo r-qvutc0\">Millionen<\/span> <span class=\"css-901oao css-16my406 r-1qd0xha r-vw2c0b r-ad9z0x r-bcqeeo r-qvutc0\">Araber<\/span><span class=\"css-901oao css-16my406 r-1qd0xha r-ad9z0x r-bcqeeo r-qvutc0\"> nach Deutschland kommen&#8220; wieder findet. Ach ja, die Erika Steinbach, die ungeniert den rechten Mob zum Mord an Walter L\u00fcbcke anstachelte und sich nicht mal ansatzweise dazu veranlasst sah, Hass- und Hetzpostings zu ihren Hetzkommentaren zu l\u00f6schen.<\/span><\/p>\n<p>Der Kreis hat sich damit geschlossen, k\u00f6nnten man sagen, aber hat er sich das wirklich?<\/p>\n<p>Diese Erkl\u00e4rung ist am 30. Juni 2019 verfasst und inzwischen von unfassbar grausamen Tatsachen weit \u00fcberholt worden.<\/p>\n<p>Das Attentat auf eine Synagoge vom 9. Oktober 2019 in Halle mit zwei get\u00f6teten Menschen.<\/p>\n<p>Der Mord an 9 migrantisch gelesenen Menschen am 19.02.2020 in Hanau.<\/p>\n<p><img loading=\"lazy\" decoding=\"async\" class=\"size-full wp-image-1577 aligncenter\" src=\"https:\/\/asanberlin.blackblogs.org\/wp-content\/uploads\/sites\/864\/2021\/02\/EulEOw1WYAETAny.jpg\" alt=\"\" width=\"750\" height=\"1061\" srcset=\"https:\/\/asanb.noblogs.org\/files\/2021\/02\/EulEOw1WYAETAny.jpg 750w, https:\/\/asanb.noblogs.org\/files\/2021\/02\/EulEOw1WYAETAny-212x300.jpg 212w, https:\/\/asanb.noblogs.org\/files\/2021\/02\/EulEOw1WYAETAny-724x1024.jpg 724w\" sizes=\"auto, (max-width: 750px) 85vw, 750px\" \/>In der Deutschen Mehrheitsgesellschaft selbstverst\u00e4ndlich nur &#8222;unvorhersehbare Taten eines Einzelt\u00e4ters&#8220;, verdr\u00e4ngen, vergessen, unter den Teppich kehren.<\/p>\n<p>Wer auf die so oft beschworene Demokratie, deren Staatsgewalt und Judikative hofft, sollte sich vor Augen f\u00fchren, dass die sogenannte Staatsgewalt auch nach den unfassbaren Verbrechen und Vertuschungen der NSU Morde ungeniert als NSU 2.0 ein 2 j\u00e4hriges Kind abschlachten will, Munition in noch ungeahnten Mengen an Nazis verteilt, Nazis mit Namen und Adressen versorgt und bereits 200 Leichens\u00e4cke samt \u00c4tzkalk f\u00fcr die Beseitigung oppositioneller politischer Gegner*innen bestellen wollte. Das erkl\u00e4rt auch die Unt\u00e4tigkeit der beteiligten Beh\u00f6rden, die Menschen auf den Todeslisten der Nazis nicht dar\u00fcber zu informieren, geschweige dann f\u00fcr ihren Schutz zu sorgen. Mit den Daten politischer Gegner*innen geht man dagegen \u00e4u\u00dferst gro\u00dfz\u00fcgig um, schaffen es die Nazis nicht f\u00fcr Repressionen zu sorgen, springen ihre uniformierten Kolleg*innen der Staatsgewalt gerne hilfreich ein.<\/p>\n<p>Es sind nicht allein die Afd oder rechtsradikale Gruppen allein, die durch ihren Hass und ihre Hetze mitgeschossen haben!<\/p>\n<p>Ob CDU\/CSU, FDP, SPD, Gr\u00fcne, sie alle stehen f\u00fcr die Lager in Moria, Kara Tepe und vielen anderen, sie alle begingen den Kniefall vor der Deutschen Mehrheitsgesellschaft getreu den Deutschen Werten &#8222;Migration sei die Mutter aller Probleme&#8220;.<\/p>\n<p>Sie alle stehen f\u00fcr die Wirtschaftsmacht Deutschland, vollkommen gleichg\u00fcltig, an welchen Faschisten zum welchem Zweck Deutsche Wirtschafts- und R\u00fcstungsg\u00fcter geliefert werden.<\/p>\n<p>Deutschland bleibt die Mutter aller Probleme!<\/p>\n<p><strong>Es ist geschehen und wir sind\u00a0 gerade dabei, dass es wieder geschieht!<\/strong><\/p>\n<p>Wenn wir es nicht schaffen, einen gemeinsamen Nenner unter allen Antifaschist*innen zu finden, wenn wir uns weiter in dogmatischen Nuancen verlieren, mit uns selbst besch\u00e4ftigen, anstatt geschlossen Widerstand zu leisten.<\/p>\n<p>Egal ob Protestkundgebungen, Massenblockaden, kreative Aktionen oder Riots, jede Form des Widerstandes hat seine Notwendigkeit und seine Berechtigung, jede Aktionsform ist legitim. Wir m\u00fcssen aufh\u00f6ren uns von einander zu distanzieren und uns bei jeder Kleinigkeit zu entsolidarisieren.<\/p>\n<p>Wir sind uns bewusst, dass die Antworten auf den Faschismus in unserer Zeit keine Deutsche Antwort sein kann und werden wird. Die Zeit ist l\u00e4ngst \u00fcberf\u00e4llig, die Deutsche, eine generell wei\u00dfe Mehrheitsgesellschaft zu zerschlagen und eine freie Gesellschaft von Menschen aufzubauen, egal wo sie leben, \u00fcber alle Grenzen hinaus. Solange wir noch mit dem Begriff &#8222;Migration&#8220; hantieren, sind wir weit von einem Antirassismus entfernt.<\/p>\n<p><strong>Solidarit\u00e4t muss wieder praktisch werden!<\/strong><\/p>\n<p>Solidarit\u00e4t ist nicht allein eine Notwendigkeit, um dem Faschismus zu besiegen. Gentrifizierung nimmt uns unsere Lebens- und Freir\u00e4ume, vertreibt die Menschen aus ihren gewohnten Kiezen, Patriarchat und Homophobie bedrohen zunehmend die Grundlagen einer freien\u00a0 Gesellschaft, der Kapitalismus an sich vernichtet durch seine nahezu unendliche Profitgier durch Ausbeutung der Natur die Lebensgrundlage k\u00fcnftiger Generationen, h\u00e4lt den Menschen in Sklaverei des Kapitals.<\/p>\n<p>&#8222;Allein machen Sie Dich ein&#8220; &#8211; diese Erkenntnis ist nicht neu, Zwietracht, Zersplitterung schw\u00e4cht uns alle und st\u00e4rkt unseren gemeinsamen Feind.<\/p>\n<p>Wir rufen alle Antifaschist*innen \u00fcber allen Grenzen der Nationen und in den K\u00f6pfen auf, solidarisch zusammen zu stehen, egal in welchem der gemeinsamen K\u00e4mpfe, egal wann und egal an welchem Ort!<\/p>\n<p><strong>Support your local Antifa!<\/strong><\/p>\n<ul>\n<li>Wehrt Euch und leistet Widerstand wann und wo immer es n\u00f6tig ist!<\/li>\n<li>Schlie\u00dft Euch antifaschistischen Gruppen und Bewegungen in Eurer N\u00e4he an!<\/li>\n<li>Informiert Euch \u00fcber anstehende Aktionen!<\/li>\n<li>Bildet Banden!<\/li>\n<li>Sch\u00fctzt Euch und alle die solidarisch zu Euch stehen!<\/li>\n<\/ul>\n<p>Wer es nicht schon l\u00e4ngst getan hat: werdet Mitglied in der <a href=\"https:\/\/www.rote-hilfe.de\/aktiv-werden\/mitglied-werden\" target=\"_blank\" rel=\"noopener\">ROTE HILFE e.V.<\/a><\/p>\n","protected":false},"excerpt":{"rendered":"<p>Autonomes \u25cf Solidarisches \u25cf Antifaschistisches \u25cf Netzwerk \u25cf Berlin &nbsp; Das Projekt entstand aus der einfachen Erkenntnis und der Idee heraus, freie unabh\u00e4ngige Kr\u00e4fte unterschiedlicher politischer Aktivit\u00e4ten und Schwerpunkte bei Notwendigkeit zu einer starken Kraft zu b\u00fcndeln, ohne die einzelnen Themen und Zielsetzungen der Menschen und Gruppen zu beeinflussen, aus den Augen zu verlieren,\u00a0diese in &hellip; <a href=\"https:\/\/asanb.noblogs.org\/?page_id=231\" class=\"more-link\"><span class=\"screen-reader-text\">\u201e\u201c <\/span>weiterlesen<\/a><\/p>\n","protected":false},"author":13687,"featured_media":0,"parent":0,"menu_order":0,"comment_status":"closed","ping_status":"closed","template":"","meta":{"footnotes":""},"class_list":["post-231","page","type-page","status-publish","hentry"],"_links":{"self":[{"href":"https:\/\/asanb.noblogs.org\/index.php?rest_route=\/wp\/v2\/pages\/231","targetHints":{"allow":["GET"]}}],"collection":[{"href":"https:\/\/asanb.noblogs.org\/index.php?rest_route=\/wp\/v2\/pages"}],"about":[{"href":"https:\/\/asanb.noblogs.org\/index.php?rest_route=\/wp\/v2\/types\/page"}],"author":[{"embeddable":true,"href":"https:\/\/asanb.noblogs.org\/index.php?rest_route=\/wp\/v2\/users\/13687"}],"replies":[{"embeddable":true,"href":"https:\/\/asanb.noblogs.org\/index.php?rest_route=%2Fwp%2Fv2%2Fcomments&post=231"}],"version-history":[{"count":2,"href":"https:\/\/asanb.noblogs.org\/index.php?rest_route=\/wp\/v2\/pages\/231\/revisions"}],"predecessor-version":[{"id":5101,"href":"https:\/\/asanb.noblogs.org\/index.php?rest_route=\/wp\/v2\/pages\/231\/revisions\/5101"}],"wp:attachment":[{"href":"https:\/\/asanb.noblogs.org\/index.php?rest_route=%2Fwp%2Fv2%2Fmedia&parent=231"}],"curies":[{"name":"wp","href":"https:\/\/api.w.org\/{rel}","templated":true}]}}