{"id":1336,"date":"2020-12-15T12:37:36","date_gmt":"2020-12-15T12:37:36","guid":{"rendered":"http:\/\/asanberlin.blackblogs.org\/?page_id=1336"},"modified":"2020-12-15T12:37:36","modified_gmt":"2020-12-15T12:37:36","slug":"antirepression-2","status":"publish","type":"page","link":"https:\/\/asanb.noblogs.org\/?page_id=1336","title":{"rendered":"Antirepression"},"content":{"rendered":"<p><img loading=\"lazy\" decoding=\"async\" class=\"size-medium wp-image-849 alignleft\" src=\"https:\/\/asanberlin.blackblogs.org\/wp-content\/uploads\/sites\/864\/2020\/04\/antirep-300x298-300x286.jpg\" alt=\"\" width=\"300\" height=\"286\" \/>Wir m\u00fcssen Antirepressionsstrukturen st\u00e4rken, weiter ausbauen, uns solidarisch mit Betroffenen zeigen, sprich: dem ein starkes Netzwerk der Solidarit\u00e4t entgegen stellen.<\/p>\n<p><a href=\"https:\/\/www.rote-hilfe.de\/aktiv-werden\/mitglied-werden\" target=\"_blank\" rel=\"noopener\"><img loading=\"lazy\" decoding=\"async\" class=\"alignleft wp-image-769\" src=\"https:\/\/asanberlin.blackblogs.org\/wp-content\/uploads\/sites\/864\/2020\/03\/rotehilfe-e1585484231702.png\" alt=\"\" width=\"100\" height=\"100\" \/><\/a><\/p>\n<p>Wenn Du also aktivistisch unterwegs bist, aktiv oder passiv, sei es auf der Stra\u00dfe oder virtuell, schlie\u00dfe Dich der Rote Hilfe e.V. an!<\/p>\n<p><strong><a href=\"https:\/\/www.rote-hilfe.de\/aktiv-werden\/mitglied-werden\" target=\"_blank\" rel=\"noopener\">Mitglied werden<\/a><\/strong><\/p>\n<p>Wenn Du kannst, unterst\u00fctze die Genoss:innen im Knast, sei es eine noch so kleine Spende, telefoniert, besucht sie oder schreibt Briefe.<\/p>\n<p>&#8222;Kn\u00e4ste sind da um Menschen voneinander zu isolieren, deshalb m\u00fcssen wir die Verbindung nach drau\u00dfen aufrechterhalten. Direkte Kontakte mittels Briefverkehr ist einer der sichersten Wege, dass Gefangene nicht der Staatskontrolle alleine \u00fcberlassen werden.&#8220;<\/p>\n<p>Die <a href=\"https:\/\/www.berlin.rote-hilfe.de\" target=\"_blank\" rel=\"noopener\">Rote Hilfe Berlin<\/a> hat dazu einen Text geschrieben <strong><a href=\"https:\/\/www.berlin.rote-hilfe.de\/aktiv-werden\/gefangenen-schreiben\/\" target=\"_blank\" rel=\"noopener\">Gefangenen schreiben<\/a><\/strong>, <strong>lest Euch die Informationen <span style=\"color: #ff0000\">genau<\/span> durch <\/strong>und&nbsp;werdet aktiv!<\/p>\n<p>Einfacher und schneller geht es, wenn Ihr eine &#8222;Buchnummer&#8220; in Erfahrung bringen k\u00f6nnt, die Post kommt so schneller da hin wo sie hin soll. Der Rechtsanwalt sollte die Buchnummer haben.<\/p>\n<p>Beispiel f\u00fcr den Knast in Tegel:<\/p>\n<p>Name des Gefangenen<br \/>\nBuchnummer xxxx\/xx\/x<br \/>\nSeidelstr. 39<br \/>\n13507 Berlin<\/p>\n<p>Wenn Du Gefangenen anonym schreiben willst, kannst Du bei Kollektiven Deines Vertrauens anfragen, ob sie Knastpost entgegen nehmen.<\/p>\n<p><strong>Wichtig!<\/strong><\/p>\n<p>Fragt regelm\u00e4\u00dfig nach, ob Knastpost f\u00fcr Euch gekommen ist und holt sie auch ab. F\u00fcr die gefangenen Gef\u00e4rht:innen ist das einer der wenigen Dr\u00e4hte nach drau\u00dfen und sie warten auf Eure Antwort.<\/p>\n<p>Briefe an Gefangene m\u00fcssen ausreichend frankiert sein. Zwei, drei Briefmarken zum antworten k\u00f6nnt Ihr beilegen, ist von Knast zu Knast unterschiedlich.<\/p>\n<p>Bei Untersuchungsgefangenen wird die eingehende und ausgehende Post durch den zust\u00e4ndigen Haftrichter oder die Staatsanwaltschaft kontrolliert. Schriftwechsel von Strafgefangenen wird gem\u00e4\u00df \u00a7\u00a7 28 und 29 StVollzG \u00fcberwacht.<\/p>\n<p>Also wenn Ihr schreibt, dann denkt immer daran, die Repressionsbeh\u00f6rden lesen mit und sind immer interessiert, Kontakte zu erfassen und zu verkn\u00fcpfen.<\/p>\n<p>Auf den folgenden (hoffentlich wenigen) Seiten im Men\u00fc &#8222;<strong><em>Antirepression<\/em><\/strong>&#8220; stellen wir Euch ein paar Informationen zu Gefangenen zur Verf\u00fcgung, die Eure Solidarit\u00e4t brauchen.<\/p>\n<p><strong>Eure Genoss:innen brauchen Hilfe<\/strong><\/p>\n<p>Wenn Genoss:innen von Euch pl\u00f6tzlich im Knast verschwinden, Ihr erstmal \u00fcberfordert seid, noch keine Solistruktur vorhanden ist und Ihr nicht wisst wie es weiter geht &#8211; kontaktiert immer die <a href=\"https:\/\/rote-hilfe.de\" target=\"_blank\" rel=\"noopener\">Rote Hilfe<\/a> und&nbsp;<span style=\"color: #ff0000\"><strong><a style=\"color: #ff0000\" href=\"https:\/\/asanberlin.blackblogs.org\/?page_id=31\" target=\"_blank\" rel=\"noopener\">schreibt uns an!<\/a><\/strong><\/span><\/p>\n<p><strong>Gefangene finanziell unterst\u00fctzen<\/strong><\/p>\n<p>Menschen im Knast d\u00fcrfen auch einkaufen, telefonieren oder k\u00f6nnen fernsehen, nat\u00fcrlich alles nicht f\u00fcr lau!<\/p>\n<p>Wie oft, an welchen Tagen, f\u00fcr wieviel Geld usw. ist von Knast zu Knast unterschiedlich. Erfragt das wie die Buchnummer m\u00f6glichst schnell. \u00dcber die Buchnummer kann man dann auch den gefangenen Genoss:inen Geld \u00fcberweisen.<\/p>\n<p>Am besten ist, f\u00fcr den Gefangenensupport zu sammeln und immer nur von einem Konto zu \u00fcberweisen.<\/p>\n<p><strong>Telefonieren<\/strong><\/p>\n<p>Ja, Gefangene d\u00fcrfen auch telefonieren, sogar auch via Internet mit Video. In Berlin geht das zum Beispiel \u00fcber den Verbrecherladen <a href=\"https:\/\/www.tel.io\/de_DE\/\" target=\"_blank\" rel=\"noopener\">Tel.io<\/a>, die arbeiten mit vielen Kn\u00e4sten zusammen, haben schei\u00df Tarife, zocken Dir auch noch die Paymentgeb\u00fchren aus der Tasche und \u00fcberwachen echt alles.<\/p>\n<p>So bitter wie es ist, es ist f\u00fcr die Menschen im Knast ein Draht nach drau\u00dfen.<\/p>\n<p><strong>P\u00e4ckchen\/Packete<\/strong><\/p>\n<p>Informationen \u00fcber die jeweiligen Regelungen findest du meist auf der Website der Kn\u00e4ste, auch kann ein Anruf vor Ort weiterhelfen. Das Verschicken von Packeten ist da schon weitaus komplizierter, da oftmals eh nur 3 P\u00e4ckchen pro Jahr erlaubt sind (waren), und vor dem Gefangene eine Packetmarke beantragen m\u00fcssen, die sie dir vorher zuschicken m\u00fcssen. Auch der Inhalt von Knastpacketen ist strengen Regelungen unterworfen. In einigen Bundesl\u00e4ndern wurde die M\u00f6glichkeit des Erhaltens von Packeten f\u00fcr Gefangene inzwischen komplett abgeschafft. Informiere dich also vorher in welchen Bundesl\u00e4ndern\/Kn\u00e4sten welche Regelungen gelten.<\/p>\n","protected":false},"excerpt":{"rendered":"<p>Wir m\u00fcssen Antirepressionsstrukturen st\u00e4rken, weiter ausbauen, uns solidarisch mit Betroffenen zeigen, sprich: dem ein starkes Netzwerk der Solidarit\u00e4t entgegen stellen. Wenn Du also aktivistisch unterwegs bist, aktiv oder passiv, sei es auf der Stra\u00dfe oder virtuell, schlie\u00dfe Dich der Rote Hilfe e.V. an! Mitglied werden Wenn Du kannst, unterst\u00fctze die Genoss:innen im Knast, sei es &hellip; <a href=\"https:\/\/asanb.noblogs.org\/?page_id=1336\" class=\"more-link\"><span class=\"screen-reader-text\">\u201eAntirepression\u201c <\/span>weiterlesen<\/a><\/p>\n","protected":false},"author":13687,"featured_media":0,"parent":0,"menu_order":0,"comment_status":"closed","ping_status":"closed","template":"","meta":{"footnotes":""},"class_list":["post-1336","page","type-page","status-publish","hentry"],"_links":{"self":[{"href":"https:\/\/asanb.noblogs.org\/index.php?rest_route=\/wp\/v2\/pages\/1336","targetHints":{"allow":["GET"]}}],"collection":[{"href":"https:\/\/asanb.noblogs.org\/index.php?rest_route=\/wp\/v2\/pages"}],"about":[{"href":"https:\/\/asanb.noblogs.org\/index.php?rest_route=\/wp\/v2\/types\/page"}],"author":[{"embeddable":true,"href":"https:\/\/asanb.noblogs.org\/index.php?rest_route=\/wp\/v2\/users\/13687"}],"replies":[{"embeddable":true,"href":"https:\/\/asanb.noblogs.org\/index.php?rest_route=%2Fwp%2Fv2%2Fcomments&post=1336"}],"version-history":[{"count":0,"href":"https:\/\/asanb.noblogs.org\/index.php?rest_route=\/wp\/v2\/pages\/1336\/revisions"}],"wp:attachment":[{"href":"https:\/\/asanb.noblogs.org\/index.php?rest_route=%2Fwp%2Fv2%2Fmedia&parent=1336"}],"curies":[{"name":"wp","href":"https:\/\/api.w.org\/{rel}","templated":true}]}}